{"id":7153,"date":"2025-04-02T21:09:45","date_gmt":"2025-04-03T04:09:45","guid":{"rendered":"https:\/\/nicolasdory.com\/yukon-wild-beyond\/"},"modified":"2025-04-08T22:11:26","modified_gmt":"2025-04-09T05:11:26","slug":"livre-yukon-wild-and-beyond","status":"publish","type":"product","link":"https:\/\/nicolasdory.com\/fr\/livre-yukon-wild-and-beyond\/","title":{"rendered":"YUKON WILD &amp; Beyond"},"content":{"rendered":"<p>Plongez au c\u0153ur de la beaut\u00e9 sauvage du territoire du Yukon avec ce grand livre de photographies. Le photographe de nature et animalier Nicolas Dory partage une d\u00e9cennie de rencontres intimes avec les cr\u00e9atures majestueuses de cette r\u00e9gion. Des aigles planant dans le ciel aux loups insaisissables, cette superbe collection capture l&rsquo;essence brute du Grand Nord canadien.<\/p>\n<p><em>Pr\u00e9face de John E. Marriott.<\/em><\/p>\n","protected":false},"excerpt":{"rendered":"<p>Plongez au c\u0153ur de la beaut\u00e9 sauvage du territoire du Yukon avec ce grand livre de photographies. Le photographe de nature et animalier Nicolas Dory partage une d\u00e9cennie de rencontres intimes avec les cr\u00e9atures majestueuses de cette r\u00e9gion. Des aigles planant dans le ciel aux loups insaisissables, cette superbe collection capture l&rsquo;essence brute du Grand [&hellip;]<\/p>\n","protected":false},"featured_media":7152,"template":"","meta":{"_acf_changed":false},"product_brand":[],"product_cat":[56],"product_tag":[],"class_list":{"0":"post-7153","1":"product","2":"type-product","3":"status-publish","4":"has-post-thumbnail","6":"product_cat-books","8":"first","9":"outofstock","10":"taxable","11":"shipping-taxable","12":"purchasable","13":"product-type-simple"},"acf":[],"_links":{"self":[{"href":"https:\/\/nicolasdory.com\/fr\/wp-json\/wp\/v2\/product\/7153","targetHints":{"allow":["GET"]}}],"collection":[{"href":"https:\/\/nicolasdory.com\/fr\/wp-json\/wp\/v2\/product"}],"about":[{"href":"https:\/\/nicolasdory.com\/fr\/wp-json\/wp\/v2\/types\/product"}],"version-history":[{"count":1,"href":"https:\/\/nicolasdory.com\/fr\/wp-json\/wp\/v2\/product\/7153\/revisions"}],"predecessor-version":[{"id":7154,"href":"https:\/\/nicolasdory.com\/fr\/wp-json\/wp\/v2\/product\/7153\/revisions\/7154"}],"wp:featuredmedia":[{"embeddable":true,"href":"https:\/\/nicolasdory.com\/fr\/wp-json\/wp\/v2\/media\/7152"}],"wp:attachment":[{"href":"https:\/\/nicolasdory.com\/fr\/wp-json\/wp\/v2\/media?parent=7153"}],"wp:term":[{"taxonomy":"product_brand","embeddable":true,"href":"https:\/\/nicolasdory.com\/fr\/wp-json\/wp\/v2\/product_brand?post=7153"},{"taxonomy":"product_cat","embeddable":true,"href":"https:\/\/nicolasdory.com\/fr\/wp-json\/wp\/v2\/product_cat?post=7153"},{"taxonomy":"product_tag","embeddable":true,"href":"https:\/\/nicolasdory.com\/fr\/wp-json\/wp\/v2\/product_tag?post=7153"}],"curies":[{"name":"wp","href":"https:\/\/api.w.org\/{rel}","templated":true}]}}