{"id":6667,"date":"2021-06-11T07:33:12","date_gmt":"2021-06-11T14:33:12","guid":{"rendered":"https:\/\/nicolasdory.com\/contactez-moi\/"},"modified":"2025-04-08T22:05:14","modified_gmt":"2025-04-09T05:05:14","slug":"contact","status":"publish","type":"page","link":"https:\/\/nicolasdory.com\/fr\/contact\/","title":{"rendered":"Contact"},"content":{"rendered":"\t\t<div data-elementor-type=\"wp-page\" data-elementor-id=\"6667\" class=\"elementor elementor-6667 elementor-2380\" data-elementor-post-type=\"page\">\n\t\t\t\t\t\t<section class=\"elementor-section elementor-top-section elementor-element elementor-element-294981a elementor-section-stretched elementor-section-boxed elementor-section-height-default elementor-section-height-default\" data-id=\"294981a\" data-element_type=\"section\" data-e-type=\"section\" data-settings=\"{&quot;stretch_section&quot;:&quot;section-stretched&quot;,&quot;background_background&quot;:&quot;classic&quot;}\">\n\t\t\t\t\t\t<div class=\"elementor-container elementor-column-gap-default\">\n\t\t\t\t\t<div class=\"elementor-column elementor-col-100 elementor-top-column elementor-element elementor-element-f57827a\" data-id=\"f57827a\" data-element_type=\"column\" data-e-type=\"column\">\n\t\t\t<div class=\"elementor-widget-wrap elementor-element-populated\">\n\t\t\t\t\t\t<section class=\"elementor-section elementor-inner-section elementor-element elementor-element-627a1bd elementor-section-boxed elementor-section-height-default elementor-section-height-default\" data-id=\"627a1bd\" data-element_type=\"section\" data-e-type=\"section\" data-settings=\"{&quot;background_background&quot;:&quot;classic&quot;}\">\n\t\t\t\t\t\t<div class=\"elementor-container elementor-column-gap-wider\">\n\t\t\t\t\t<div class=\"elementor-column elementor-col-50 elementor-inner-column elementor-element elementor-element-1aee1dd\" data-id=\"1aee1dd\" data-element_type=\"column\" data-e-type=\"column\">\n\t\t\t<div class=\"elementor-widget-wrap elementor-element-populated\">\n\t\t\t\t\t\t<div class=\"elementor-element elementor-element-3c2f8e1 elementor-align-center elementor-widget elementor-widget-button\" data-id=\"3c2f8e1\" data-element_type=\"widget\" data-e-type=\"widget\" data-widget_type=\"button.default\">\n\t\t\t\t<div class=\"elementor-widget-container\">\n\t\t\t\t\t\t\t\t\t<div class=\"elementor-button-wrapper\">\n\t\t\t\t\t<a class=\"elementor-button elementor-button-link elementor-size-md\" href=\"https:\/\/nicolasdory.com\/fr\/demande-de-licence\/\">\n\t\t\t\t\t\t<span class=\"elementor-button-content-wrapper\">\n\t\t\t\t\t\t\t\t\t<span class=\"elementor-button-text\">Demande de licence<\/span>\n\t\t\t\t\t<\/span>\n\t\t\t\t\t<\/a>\n\t\t\t\t<\/div>\n\t\t\t\t\t\t\t\t<\/div>\n\t\t\t\t<\/div>\n\t\t\t\t<div class=\"elementor-element elementor-element-bc2a1ed elementor-widget elementor-widget-text-editor\" data-id=\"bc2a1ed\" data-element_type=\"widget\" data-e-type=\"widget\" data-widget_type=\"text-editor.default\">\n\t\t\t\t<div class=\"elementor-widget-container\">\n\t\t\t\t\t\t\t\t\t<p>Pour une demande d&rsquo;autorisation concernant l&rsquo;usage d&rsquo;une de mes photos, veuillez remplir le <a href=\"https:\/\/nicolasdory.com\/fr\/demande-de-licence\/\">formulaire de demande de licence<\/a>.<\/p><p>Il existe certaines utilisations telles que l&rsquo;utilisation personnelle et l&rsquo;utilisation \u00e9ditoriale en ligne o\u00f9 il n&rsquo;est pas n\u00e9cessaire de demander un devis. Veuillez lire les FAQs ci-dessous pour plus d&rsquo;informations. <\/p>\t\t\t\t\t\t\t\t<\/div>\n\t\t\t\t<\/div>\n\t\t\t\t<div class=\"elementor-element elementor-element-36edbdf elementor-widget elementor-widget-text-editor\" data-id=\"36edbdf\" data-element_type=\"widget\" data-e-type=\"widget\" data-widget_type=\"text-editor.default\">\n\t\t\t\t<div class=\"elementor-widget-container\">\n\t\t\t\t\t\t\t\t\t<p>Juste un petit mot rapide? Vous pouvez me contacter via les r\u00e9seaux sociaux suivants :<\/p>\t\t\t\t\t\t\t\t<\/div>\n\t\t\t\t<\/div>\n\t\t\t\t<div class=\"elementor-element elementor-element-15f1b83 elementor-shape-circle elementor-grid-0 e-grid-align-center elementor-widget elementor-widget-social-icons\" data-id=\"15f1b83\" data-element_type=\"widget\" data-e-type=\"widget\" data-widget_type=\"social-icons.default\">\n\t\t\t\t<div class=\"elementor-widget-container\">\n\t\t\t\t\t\t\t<div class=\"elementor-social-icons-wrapper elementor-grid\" role=\"list\">\n\t\t\t\t\t\t\t<span class=\"elementor-grid-item\" role=\"listitem\">\n\t\t\t\t\t<a class=\"elementor-icon elementor-social-icon elementor-social-icon-facebook elementor-animation-grow elementor-repeater-item-a13ed64\" href=\"https:\/\/www.facebook.com\/nicolas.dory.photography\" target=\"_blank\" rel=\"noopener\">\n\t\t\t\t\t\t<span class=\"elementor-screen-only\">Facebook<\/span>\n\t\t\t\t\t\t<i aria-hidden=\"true\" class=\"fab fa-facebook\"><\/i>\t\t\t\t\t<\/a>\n\t\t\t\t<\/span>\n\t\t\t\t\t\t\t<span class=\"elementor-grid-item\" role=\"listitem\">\n\t\t\t\t\t<a class=\"elementor-icon elementor-social-icon elementor-social-icon-instagram elementor-animation-grow elementor-repeater-item-3e977b1\" href=\"https:\/\/www.instagram.com\/nicolasdory\/\" target=\"_blank\" rel=\"noopener\">\n\t\t\t\t\t\t<span class=\"elementor-screen-only\">Instagram<\/span>\n\t\t\t\t\t\t<i aria-hidden=\"true\" class=\"fab fa-instagram\"><\/i>\t\t\t\t\t<\/a>\n\t\t\t\t<\/span>\n\t\t\t\t\t\t\t<span class=\"elementor-grid-item\" role=\"listitem\">\n\t\t\t\t\t<a class=\"elementor-icon elementor-social-icon elementor-social-icon-twitter elementor-animation-grow elementor-repeater-item-011e99a\" href=\"https:\/\/twitter.com\/nicolasdory\" target=\"_blank\" rel=\"noopener\">\n\t\t\t\t\t\t<span class=\"elementor-screen-only\">Twitter<\/span>\n\t\t\t\t\t\t<i aria-hidden=\"true\" class=\"fab fa-twitter\"><\/i>\t\t\t\t\t<\/a>\n\t\t\t\t<\/span>\n\t\t\t\t\t<\/div>\n\t\t\t\t\t\t<\/div>\n\t\t\t\t<\/div>\n\t\t\t\t\t<\/div>\n\t\t<\/div>\n\t\t\t\t<div class=\"elementor-column elementor-col-50 elementor-inner-column elementor-element elementor-element-3233294\" data-id=\"3233294\" data-element_type=\"column\" data-e-type=\"column\">\n\t\t\t<div class=\"elementor-widget-wrap elementor-element-populated\">\n\t\t\t\t\t\t<div class=\"elementor-element elementor-element-0e5fe19 elementor-icon-list--layout-inline elementor-align-center elementor-list-item-link-full_width elementor-widget elementor-widget-icon-list\" data-id=\"0e5fe19\" data-element_type=\"widget\" data-e-type=\"widget\" data-widget_type=\"icon-list.default\">\n\t\t\t\t<div class=\"elementor-widget-container\">\n\t\t\t\t\t\t\t<ul class=\"elementor-icon-list-items elementor-inline-items\">\n\t\t\t\t\t\t\t<li class=\"elementor-icon-list-item elementor-inline-item\">\n\t\t\t\t\t\t\t\t\t\t\t<a href=\"mailto:contact@nicolasdory.com\">\n\n\t\t\t\t\t\t\t\t\t\t\t\t<span class=\"elementor-icon-list-icon\">\n\t\t\t\t\t\t\t<i aria-hidden=\"true\" class=\"far fa-envelope\"><\/i>\t\t\t\t\t\t<\/span>\n\t\t\t\t\t\t\t\t\t\t<span class=\"elementor-icon-list-text\">contact@nicolasdory.com<\/span>\n\t\t\t\t\t\t\t\t\t\t\t<\/a>\n\t\t\t\t\t\t\t\t\t<\/li>\n\t\t\t\t\t\t\t\t<li class=\"elementor-icon-list-item elementor-inline-item\">\n\t\t\t\t\t\t\t\t\t\t\t<span class=\"elementor-icon-list-icon\">\n\t\t\t\t\t\t\t<i aria-hidden=\"true\" class=\"fas fa-map-marked-alt\"><\/i>\t\t\t\t\t\t<\/span>\n\t\t\t\t\t\t\t\t\t\t<span class=\"elementor-icon-list-text\">Whitehorse, Yukon<\/span>\n\t\t\t\t\t\t\t\t\t<\/li>\n\t\t\t\t\t\t<\/ul>\n\t\t\t\t\t\t<\/div>\n\t\t\t\t<\/div>\n\t\t\t\t<div class=\"elementor-element elementor-element-b5a8cf4 elementor-widget__width-initial elementor-widget elementor-widget-form\" data-id=\"b5a8cf4\" data-element_type=\"widget\" data-e-type=\"widget\" data-settings=\"{&quot;step_next_label&quot;:&quot;Suivant&quot;,&quot;step_previous_label&quot;:&quot;Pr\\u00e9c\\u00e9dent&quot;,&quot;button_width&quot;:&quot;100&quot;,&quot;step_type&quot;:&quot;number_text&quot;,&quot;step_icon_shape&quot;:&quot;circle&quot;}\" data-widget_type=\"form.default\">\n\t\t\t\t<div class=\"elementor-widget-container\">\n\t\t\t\t\t\t\t<form class=\"elementor-form\" method=\"post\" id=\"contact_form\" name=\"Nouveau Formulaire\" aria-label=\"Nouveau Formulaire\">\n\t\t\t<input type=\"hidden\" name=\"post_id\" value=\"6667\"\/>\n\t\t\t<input type=\"hidden\" name=\"form_id\" value=\"b5a8cf4\"\/>\n\t\t\t<input type=\"hidden\" name=\"referer_title\" value=\"\" \/>\n\n\t\t\t\n\t\t\t<div class=\"elementor-form-fields-wrapper elementor-labels-\">\n\t\t\t\t\t\t\t\t<div class=\"elementor-field-type-text elementor-field-group elementor-column elementor-field-group-name elementor-col-100 elementor-field-required\">\n\t\t\t\t\t\t\t\t\t\t\t\t<label for=\"form-field-name\" class=\"elementor-field-label elementor-screen-only\">\n\t\t\t\t\t\t\t\tNom\t\t\t\t\t\t\t<\/label>\n\t\t\t\t\t\t\t\t\t\t\t\t\t\t<input size=\"1\" type=\"text\" name=\"form_fields[name]\" id=\"form-field-name\" class=\"elementor-field elementor-size-sm  elementor-field-textual\" placeholder=\"Entrez votre nom\" required=\"required\">\n\t\t\t\t\t\t\t\t\t\t\t<\/div>\n\t\t\t\t\t\t\t\t<div class=\"elementor-field-type-email elementor-field-group elementor-column elementor-field-group-email elementor-col-100 elementor-field-required\">\n\t\t\t\t\t\t\t\t\t\t\t\t<label for=\"form-field-email\" class=\"elementor-field-label elementor-screen-only\">\n\t\t\t\t\t\t\t\tE-mail\t\t\t\t\t\t\t<\/label>\n\t\t\t\t\t\t\t\t\t\t\t\t\t\t<input size=\"1\" type=\"email\" name=\"form_fields[email]\" id=\"form-field-email\" class=\"elementor-field elementor-size-sm  elementor-field-textual\" placeholder=\"Entrez votre addresse e-mail\" required=\"required\">\n\t\t\t\t\t\t\t\t\t\t\t<\/div>\n\t\t\t\t\t\t\t\t<div class=\"elementor-field-type-select elementor-field-group elementor-column elementor-field-group-subject elementor-col-100\">\n\t\t\t\t\t\t\t\t\t\t\t\t<label for=\"form-field-subject\" class=\"elementor-field-label elementor-screen-only\">\n\t\t\t\t\t\t\t\tSujet\t\t\t\t\t\t\t<\/label>\n\t\t\t\t\t\t\t\t<div class=\"elementor-field elementor-select-wrapper remove-before \">\n\t\t\t<div class=\"select-caret-down-wrapper\">\n\t\t\t\t<i aria-hidden=\"true\" class=\"eicon-caret-down\"><\/i>\t\t\t<\/div>\n\t\t\t<select name=\"form_fields[subject]\" id=\"form-field-subject\" class=\"elementor-field-textual elementor-size-sm\">\n\t\t\t\t\t\t\t\t\t<option value=\"Choisissez un sujet\">Choisissez un sujet<\/option>\n\t\t\t\t\t\t\t\t\t<option value=\"PHOTOGRAPHIE PRINTS\">PHOTOGRAPHIE PRINTS<\/option>\n\t\t\t\t\t\t\t\t\t<option value=\"STOCK PHOTOGRAPHY SALES\">STOCK PHOTOGRAPHY SALES<\/option>\n\t\t\t\t\t\t\t\t\t<option value=\"DIGITAL, SOCIAL MEDIA\">DIGITAL, SOCIAL MEDIA<\/option>\n\t\t\t\t\t\t\t\t\t<option value=\"OTHER\">OTHER<\/option>\n\t\t\t\t\t\t\t<\/select>\n\t\t<\/div>\n\t\t\t\t\t\t<\/div>\n\t\t\t\t\t\t\t\t<div class=\"elementor-field-type-textarea elementor-field-group elementor-column elementor-field-group-message elementor-col-100 elementor-field-required\">\n\t\t\t\t\t\t\t\t\t\t\t\t<label for=\"form-field-message\" class=\"elementor-field-label elementor-screen-only\">\n\t\t\t\t\t\t\t\tMessage\t\t\t\t\t\t\t<\/label>\n\t\t\t\t\t\t<textarea class=\"elementor-field-textual elementor-field  elementor-size-sm\" name=\"form_fields[message]\" id=\"form-field-message\" rows=\"6\" placeholder=\"Votre message\" required=\"required\"><\/textarea>\t\t\t\t<\/div>\n\t\t\t\t\t\t\t\t<div class=\"elementor-field-group elementor-column elementor-field-type-submit elementor-col-100 e-form__buttons\">\n\t\t\t\t\t<button class=\"elementor-button elementor-size-sm\" type=\"submit\">\n\t\t\t\t\t\t<span class=\"elementor-button-content-wrapper\">\n\t\t\t\t\t\t\t\t\t\t\t\t\t\t\t\t\t\t\t\t\t\t<span class=\"elementor-button-text\">Envoyer<\/span>\n\t\t\t\t\t\t\t\t\t\t\t\t\t<\/span>\n\t\t\t\t\t<\/button>\n\t\t\t\t<\/div>\n\t\t\t<\/div>\n\t\t<input\n                    class=\"apbct_special_field apbct_email_id__elementor_form\"\n                    name=\"apbct__email_id__elementor_form\"\n                    aria-label=\"apbct__label_id__elementor_form\"\n                    type=\"text\" size=\"30\" maxlength=\"200\" autocomplete=\"off\"\n                    value=\"\"\n                \/><\/form>\n\t\t\t\t\t\t<\/div>\n\t\t\t\t<\/div>\n\t\t\t\t\t<\/div>\n\t\t<\/div>\n\t\t\t\t\t<\/div>\n\t\t<\/section>\n\t\t\t\t\t<\/div>\n\t\t<\/div>\n\t\t\t\t\t<\/div>\n\t\t<\/section>\n\t\t\t\t<section class=\"elementor-section elementor-top-section elementor-element elementor-element-fd517f6 elementor-section-boxed elementor-section-height-default elementor-section-height-default\" data-id=\"fd517f6\" data-element_type=\"section\" data-e-type=\"section\">\n\t\t\t\t\t\t<div class=\"elementor-container elementor-column-gap-default\">\n\t\t\t\t\t<div class=\"elementor-column elementor-col-100 elementor-top-column elementor-element elementor-element-62ccd05\" data-id=\"62ccd05\" data-element_type=\"column\" data-e-type=\"column\">\n\t\t\t<div class=\"elementor-widget-wrap elementor-element-populated\">\n\t\t\t\t\t\t<div class=\"elementor-element elementor-element-6cbb13c elementor-widget elementor-widget-heading\" data-id=\"6cbb13c\" data-element_type=\"widget\" data-e-type=\"widget\" data-widget_type=\"heading.default\">\n\t\t\t\t<div class=\"elementor-widget-container\">\n\t\t\t\t\t<h2 class=\"elementor-heading-title elementor-size-default\">Foire aux Questions<\/h2>\t\t\t\t<\/div>\n\t\t\t\t<\/div>\n\t\t\t\t<div class=\"elementor-element elementor-element-11d1750 elementor-widget elementor-widget-n-accordion\" data-id=\"11d1750\" data-element_type=\"widget\" data-e-type=\"widget\" data-settings=\"{&quot;default_state&quot;:&quot;expanded&quot;,&quot;max_items_expended&quot;:&quot;one&quot;,&quot;n_accordion_animation_duration&quot;:{&quot;unit&quot;:&quot;ms&quot;,&quot;size&quot;:400,&quot;sizes&quot;:[]}}\" data-widget_type=\"nested-accordion.default\">\n\t\t\t\t<div class=\"elementor-widget-container\">\n\t\t\t\t\t\t\t<div class=\"e-n-accordion\" aria-label=\"Accordion. Open links with Enter or Space, close with Escape, and navigate with Arrow Keys\">\n\t\t\t\t\t\t<details id=\"e-n-accordion-item-1860\" class=\"e-n-accordion-item\" open>\n\t\t\t\t<summary class=\"e-n-accordion-item-title\" data-accordion-index=\"1\" tabindex=\"0\" aria-expanded=\"true\" aria-controls=\"e-n-accordion-item-1860\" >\n\t\t\t\t\t<span class='e-n-accordion-item-title-header'><div class=\"e-n-accordion-item-title-text\"> Puis-je utiliser vos photos sur mon site Web ? <\/div><\/span>\n\t\t\t\t\t\t\t<span class='e-n-accordion-item-title-icon'>\n\t\t\t<span class='e-opened' ><i aria-hidden=\"true\" class=\"fas fa-minus\"><\/i><\/span>\n\t\t\t<span class='e-closed'><i aria-hidden=\"true\" class=\"fas fa-plus\"><\/i><\/span>\n\t\t<\/span>\n\n\t\t\t\t\t\t<\/summary>\n\t\t\t\t<div role=\"region\" aria-labelledby=\"e-n-accordion-item-1860\" class=\"elementor-element elementor-element-da6bb19 e-con-full e-flex e-con e-child\" data-id=\"da6bb19\" data-element_type=\"container\" data-e-type=\"container\">\n\t\t\t\t<div class=\"elementor-element elementor-element-bda988f elementor-widget elementor-widget-text-editor\" data-id=\"bda988f\" data-element_type=\"widget\" data-e-type=\"widget\" data-widget_type=\"text-editor.default\">\n\t\t\t\t<div class=\"elementor-widget-container\">\n\t\t\t\t\t\t\t\t\t<p>Pour un usage \u00e9ditorial et personnel en ligne, vous pouvez utiliser gratuitement les images de ce site Web \u00e0 condition de mentionner clairement mon nom Nicolas Dory dans la l\u00e9gende de l&rsquo;image ou la copie de l&rsquo;article et d&rsquo;inclure un lien cliquable vers ce site Web. Notez que cela ne s&rsquo;applique pas aux utilisations commerciales en ligne. Si vous pr\u00e9f\u00e9rez ne pas inclure les cr\u00e9dits, ou pour un usage commercial, <a href=\"https:\/\/nicolasdory.com\/fr\/demande-de-licence\/\">veuillez demander un devis<\/a>.<\/p>\t\t\t\t\t\t\t\t<\/div>\n\t\t\t\t<\/div>\n\t\t\t\t<\/div>\n\t\t\t\t\t<\/details>\n\t\t\t\t\t\t<details id=\"e-n-accordion-item-1861\" class=\"e-n-accordion-item\" >\n\t\t\t\t<summary class=\"e-n-accordion-item-title\" data-accordion-index=\"2\" tabindex=\"-1\" aria-expanded=\"false\" aria-controls=\"e-n-accordion-item-1861\" >\n\t\t\t\t\t<span class='e-n-accordion-item-title-header'><div class=\"e-n-accordion-item-title-text\"> Puis-je imprimer \u00e0 partir de votre photo ? <\/div><\/span>\n\t\t\t\t\t\t\t<span class='e-n-accordion-item-title-icon'>\n\t\t\t<span class='e-opened' ><i aria-hidden=\"true\" class=\"fas fa-minus\"><\/i><\/span>\n\t\t\t<span class='e-closed'><i aria-hidden=\"true\" class=\"fas fa-plus\"><\/i><\/span>\n\t\t<\/span>\n\n\t\t\t\t\t\t<\/summary>\n\t\t\t\t<div role=\"region\" aria-labelledby=\"e-n-accordion-item-1861\" class=\"elementor-element elementor-element-e02ef85 e-con-full e-flex e-con e-child\" data-id=\"e02ef85\" data-element_type=\"container\" data-e-type=\"container\">\n\t\t\t\t<div class=\"elementor-element elementor-element-ac645a7 elementor-widget elementor-widget-text-editor\" data-id=\"ac645a7\" data-element_type=\"widget\" data-e-type=\"widget\" data-widget_type=\"text-editor.default\">\n\t\t\t\t<div class=\"elementor-widget-container\">\n\t\t\t\t\t\t\t\t\t<p>Je ne vous fournirai pas d&rsquo;images haute r\u00e9solution \u00e0 imprimer vous-m\u00eame car mes tirages photo sont strictement contr\u00f4l\u00e9s. Si vous souhaitez commander un tirage, contactez-moi.<\/p>\t\t\t\t\t\t\t\t<\/div>\n\t\t\t\t<\/div>\n\t\t\t\t<\/div>\n\t\t\t\t\t<\/details>\n\t\t\t\t\t\t<details id=\"e-n-accordion-item-1862\" class=\"e-n-accordion-item\" >\n\t\t\t\t<summary class=\"e-n-accordion-item-title\" data-accordion-index=\"3\" tabindex=\"-1\" aria-expanded=\"false\" aria-controls=\"e-n-accordion-item-1862\" >\n\t\t\t\t\t<span class='e-n-accordion-item-title-header'><div class=\"e-n-accordion-item-title-text\"> Puis-je partager vos photos sur les r\u00e9seaux sociaux ? <\/div><\/span>\n\t\t\t\t\t\t\t<span class='e-n-accordion-item-title-icon'>\n\t\t\t<span class='e-opened' ><i aria-hidden=\"true\" class=\"fas fa-minus\"><\/i><\/span>\n\t\t\t<span class='e-closed'><i aria-hidden=\"true\" class=\"fas fa-plus\"><\/i><\/span>\n\t\t<\/span>\n\n\t\t\t\t\t\t<\/summary>\n\t\t\t\t<div role=\"region\" aria-labelledby=\"e-n-accordion-item-1862\" class=\"elementor-element elementor-element-2fe9742 e-con-full e-flex e-con e-child\" data-id=\"2fe9742\" data-element_type=\"container\" data-e-type=\"container\">\n\t\t\t\t<div class=\"elementor-element elementor-element-1d95227 elementor-widget elementor-widget-text-editor\" data-id=\"1d95227\" data-element_type=\"widget\" data-e-type=\"widget\" data-widget_type=\"text-editor.default\">\n\t\t\t\t<div class=\"elementor-widget-container\">\n\t\t\t\t\t\t\t\t\t<p>Oui, vous pouvez partager mes photos sur vos comptes de r\u00e9seaux sociaux \u00e0 condition que les conditions suivantes soient remplies :<\/p><ul><li>Vous me cr\u00e9ditez dans la premi\u00e8re ligne de la description\/l\u00e9gende du message. Par exemple : \u00ab Photo par @nicolasdory \u00bb ou \u00ab Photo par Nicolas Dory \u00bb.<\/li><li>Sur Instagram et Twitter, vous devez cr\u00e9diter mon pseudo : @nicolasdory<\/li><li>Sur Facebook, merci de taguer ma page : https:\/\/www.facebook.com\/nicolas.dory.photography<\/li><li>Sur toutes autres plate-formes, merci de cr\u00e9diter mon nom \u00ab\u00a0Nicolas Dory\u00a0\u00bb et de renvoyer vers mon site Web : www.nicolasdory.com.<\/li><li>Vous ne pouvez pas utiliser mes images dans des messages qui communiquent un message politique ou un point de vue potentiellement controvers\u00e9 sans v\u00e9rifier avec moi au pr\u00e9alable. Je me r\u00e9serve le droit de refuser toute autorisation si je ne suis pas d&rsquo;accord avec le message, par exemple, je n&rsquo;autoriserais pas l&rsquo;utilisation de mes photos dans un article qui fait l&rsquo;\u00e9loge de la chasse aux troph\u00e9es.<\/li><\/ul>\t\t\t\t\t\t\t\t<\/div>\n\t\t\t\t<\/div>\n\t\t\t\t<\/div>\n\t\t\t\t\t<\/details>\n\t\t\t\t\t\t<details id=\"e-n-accordion-item-1863\" class=\"e-n-accordion-item\" >\n\t\t\t\t<summary class=\"e-n-accordion-item-title\" data-accordion-index=\"4\" tabindex=\"-1\" aria-expanded=\"false\" aria-controls=\"e-n-accordion-item-1863\" >\n\t\t\t\t\t<span class='e-n-accordion-item-title-header'><div class=\"e-n-accordion-item-title-text\"> Puis-je utiliser vos photos comme r\u00e9f\u00e9rence pour mes cr\u00e9ations artistiques ? <\/div><\/span>\n\t\t\t\t\t\t\t<span class='e-n-accordion-item-title-icon'>\n\t\t\t<span class='e-opened' ><i aria-hidden=\"true\" class=\"fas fa-minus\"><\/i><\/span>\n\t\t\t<span class='e-closed'><i aria-hidden=\"true\" class=\"fas fa-plus\"><\/i><\/span>\n\t\t<\/span>\n\n\t\t\t\t\t\t<\/summary>\n\t\t\t\t<div role=\"region\" aria-labelledby=\"e-n-accordion-item-1863\" class=\"elementor-element elementor-element-4568151 e-con-full e-flex e-con e-child\" data-id=\"4568151\" data-element_type=\"container\" data-e-type=\"container\">\n\t\t\t\t<div class=\"elementor-element elementor-element-fe35edd elementor-widget elementor-widget-text-editor\" data-id=\"fe35edd\" data-element_type=\"widget\" data-e-type=\"widget\" data-widget_type=\"text-editor.default\">\n\t\t\t\t<div class=\"elementor-widget-container\">\n\t\t\t\t\t\t\t\t\t<p>Il existe plusieurs fa\u00e7ons d&rsquo;utiliser mes images comme r\u00e9f\u00e9rence pour vos cr\u00e9ations artistiques. Cette section fournit un r\u00e9sum\u00e9 succinct des options disponibles.<\/p><p><strong>Utilisations non commerciales (vous ne pr\u00e9voyez pas de faire de l&rsquo;argent avec votre art) :<\/strong><\/p><p>Vous \u00eates invit\u00e9s \u00e0 utiliser gratuitement l&rsquo;une des images de mon site Web ou de mes pages de m\u00e9dias sociaux comme r\u00e9f\u00e9rence pour vos \u0153uvres d&rsquo;art. Si vous affichez l&rsquo;\u0153uvre d&rsquo;art d\u00e9riv\u00e9e en public ou en ligne, merci de me cr\u00e9diter et de cr\u00e9er un lien vers <a href=\"https:\/\/www.nicolasdory.com\">www.nicolasdory.com<\/a>. Si, \u00e0 l&rsquo;avenir, vous d\u00e9cidez de vendre votre art, veuillez me contacter pour demander une licence.<\/p><p><strong>Utilisations commerciales, moins de 1 000 $ CA de revenus attendus :<\/strong><\/p><p>Si vous utilisez une de mes images comme r\u00e9f\u00e9rence pour une \u0153uvre d&rsquo;art que vous envisagez de vendre, vous aurez besoin d&rsquo;une licence. Il y a des frais fixes de 100 $ CAD par image. Pour chaque image, je peux vous fournir un fichier de r\u00e9f\u00e9rence num\u00e9rique de 4 000 pixels.<\/p><p>Si vous continuez \u00e0 gagner plus de 1 000 $ CAD \u00e0 partir d&rsquo;une \u0153uvre d&rsquo;art, veuillez me contacter pour prolonger votre licence. Pour prolonger votre licence, des frais d&rsquo;administration de 50 $ CAD plus 10% des revenus suppl\u00e9mentaires attendus seront factur\u00e9s.<\/p><p><strong>Utilisations commerciales, chiffre d&rsquo;affaires pr\u00e9vu sup\u00e9rieur \u00e0 1 000 $ CA :<\/strong><\/p><p>Veuillez estimer vos revenus attendus de l&rsquo;\u0153uvre d&rsquo;art d\u00e9riv\u00e9e. La redevance sera de 10% des revenus attendus. Je fournirai une image de r\u00e9f\u00e9rence num\u00e9rique de 4 000 pixels. Contactez-moi pour obtenir votre licence d\u00e8s maintenant.<\/p><p>Si vous gagnez plus que le revenu escompt\u00e9 avec votre \u0153uvre, veuillez me contacter pour \u00e9tendre votre licence. Pour prolonger votre licence, des frais d&rsquo;administration de 50 $ CAD plus 10% des revenus suppl\u00e9mentaires attendus seront factur\u00e9s.<\/p>\t\t\t\t\t\t\t\t<\/div>\n\t\t\t\t<\/div>\n\t\t\t\t<\/div>\n\t\t\t\t\t<\/details>\n\t\t\t\t\t<\/div>\n\t\t\t\t\t\t<\/div>\n\t\t\t\t<\/div>\n\t\t\t\t\t<\/div>\n\t\t<\/div>\n\t\t\t\t\t<\/div>\n\t\t<\/section>\n\t\t\t\t<\/div>\n\t\t","protected":false},"excerpt":{"rendered":"<p>Demande de licence Pour une demande d&rsquo;autorisation concernant l&rsquo;usage d&rsquo;une de mes photos, veuillez remplir le formulaire de demande de licence. Il existe certaines utilisations telles que l&rsquo;utilisation personnelle et l&rsquo;utilisation \u00e9ditoriale en ligne o\u00f9 il n&rsquo;est pas n\u00e9cessaire de demander un devis. Veuillez lire les FAQs ci-dessous pour plus d&rsquo;informations. Juste un petit mot [&hellip;]<\/p>\n","protected":false},"author":2,"featured_media":0,"parent":0,"menu_order":60,"comment_status":"closed","ping_status":"closed","template":"","meta":{"_acf_changed":false,"footnotes":""},"class_list":["post-6667","page","type-page","status-publish","hentry"],"acf":[],"_links":{"self":[{"href":"https:\/\/nicolasdory.com\/fr\/wp-json\/wp\/v2\/pages\/6667","targetHints":{"allow":["GET"]}}],"collection":[{"href":"https:\/\/nicolasdory.com\/fr\/wp-json\/wp\/v2\/pages"}],"about":[{"href":"https:\/\/nicolasdory.com\/fr\/wp-json\/wp\/v2\/types\/page"}],"author":[{"embeddable":true,"href":"https:\/\/nicolasdory.com\/fr\/wp-json\/wp\/v2\/users\/2"}],"replies":[{"embeddable":true,"href":"https:\/\/nicolasdory.com\/fr\/wp-json\/wp\/v2\/comments?post=6667"}],"version-history":[{"count":2,"href":"https:\/\/nicolasdory.com\/fr\/wp-json\/wp\/v2\/pages\/6667\/revisions"}],"predecessor-version":[{"id":7186,"href":"https:\/\/nicolasdory.com\/fr\/wp-json\/wp\/v2\/pages\/6667\/revisions\/7186"}],"wp:attachment":[{"href":"https:\/\/nicolasdory.com\/fr\/wp-json\/wp\/v2\/media?parent=6667"}],"curies":[{"name":"wp","href":"https:\/\/api.w.org\/{rel}","templated":true}]}}