{"id":6659,"date":"2021-06-21T13:51:38","date_gmt":"2021-06-21T20:51:38","guid":{"rendered":"https:\/\/nicolasdory.com\/blog\/"},"modified":"2025-04-08T22:04:17","modified_gmt":"2025-04-09T05:04:17","slug":"blog","status":"publish","type":"page","link":"https:\/\/nicolasdory.com\/fr\/blog\/","title":{"rendered":"Blog"},"content":{"rendered":"\t\t<div data-elementor-type=\"wp-page\" data-elementor-id=\"6659\" class=\"elementor elementor-6659 elementor-2902\" data-elementor-post-type=\"page\">\n\t\t\t\t\t\t<section class=\"elementor-section elementor-top-section elementor-element elementor-element-c1d97fd elementor-section-boxed elementor-section-height-default elementor-section-height-default\" data-id=\"c1d97fd\" data-element_type=\"section\" data-e-type=\"section\">\n\t\t\t\t\t\t<div class=\"elementor-container elementor-column-gap-default\">\n\t\t\t\t\t<div class=\"elementor-column elementor-col-100 elementor-top-column elementor-element elementor-element-0a0e61c\" data-id=\"0a0e61c\" data-element_type=\"column\" data-e-type=\"column\">\n\t\t\t<div class=\"elementor-widget-wrap elementor-element-populated\">\n\t\t\t\t\t\t<div class=\"elementor-element elementor-element-d19f193 elementor-grid-2 elementor-grid-tablet-2 elementor-grid-mobile-1 elementor-widget elementor-widget-loop-grid\" data-id=\"d19f193\" data-element_type=\"widget\" data-e-type=\"widget\" data-settings=\"{&quot;template_id&quot;:7097,&quot;columns&quot;:2,&quot;_skin&quot;:&quot;post&quot;,&quot;columns_tablet&quot;:&quot;2&quot;,&quot;columns_mobile&quot;:&quot;1&quot;,&quot;edit_handle_selector&quot;:&quot;[data-elementor-type=\\&quot;loop-item\\&quot;]&quot;,&quot;row_gap&quot;:{&quot;unit&quot;:&quot;px&quot;,&quot;size&quot;:&quot;&quot;,&quot;sizes&quot;:[]},&quot;row_gap_tablet&quot;:{&quot;unit&quot;:&quot;px&quot;,&quot;size&quot;:&quot;&quot;,&quot;sizes&quot;:[]},&quot;row_gap_mobile&quot;:{&quot;unit&quot;:&quot;px&quot;,&quot;size&quot;:&quot;&quot;,&quot;sizes&quot;:[]}}\" data-widget_type=\"loop-grid.post\">\n\t\t\t\t<div class=\"elementor-widget-container\">\n\t\t\t\t\t\t\t<div class=\"elementor-loop-container elementor-grid\" role=\"list\">\n\t\t<style id=\"loop-7097\">.elementor-7097 .elementor-element.elementor-element-5948a7d{--display:flex;--gap:10px 0px;--row-gap:10px;--column-gap:0px;}.elementor-7097 .elementor-element.elementor-element-48ba1b0{text-align:center;}.elementor-7097 .elementor-element.elementor-element-48ba1b0 .elementor-heading-title{font-size:21px;font-weight:300;line-height:1.4em;}.elementor-7097 .elementor-element.elementor-element-70d9e91 .elementor-widget-container{text-align:center;font-family:var( --e-global-typography-text-font-family ), Sans-serif;font-size:var( --e-global-typography-text-font-size );font-weight:var( --e-global-typography-text-font-weight );line-height:var( --e-global-typography-text-line-height );}.elementor-7097 .elementor-element.elementor-element-28da971 .elementor-button{fill:var( --e-global-color-secondary );color:var( --e-global-color-secondary );background-color:#FFFFFF;border-style:solid;border-width:1px 1px 1px 1px;border-color:var( --e-global-color-primary );border-radius:0px 0px 0px 0px;}.elementor-7097 .elementor-element.elementor-element-28da971 > .elementor-widget-container{margin:0px 0px 0px 0px;}@media(max-width:1024px){.elementor-7097 .elementor-element.elementor-element-48ba1b0 .elementor-heading-title{font-size:22px;}.elementor-7097 .elementor-element.elementor-element-70d9e91 .elementor-widget-container{font-size:var( --e-global-typography-text-font-size );line-height:var( --e-global-typography-text-line-height );}}@media(max-width:767px){.elementor-7097 .elementor-element.elementor-element-48ba1b0 .elementor-heading-title{font-size:18px;}.elementor-7097 .elementor-element.elementor-element-70d9e91 .elementor-widget-container{font-size:var( --e-global-typography-text-font-size );line-height:var( --e-global-typography-text-line-height );}.elementor-7097 .elementor-element.elementor-element-28da971 .elementor-button{line-height:1.4em;}}\/* Start custom CSS for theme-post-featured-image, class: .elementor-element-0a2f089 *\/.elementor-7097 .elementor-element.elementor-element-0a2f089 img{\n    aspect-ratio: 1.45;\n    object-fit: cover;\n}\/* End custom CSS *\/<\/style>\t\t<div data-elementor-type=\"loop-item\" data-elementor-id=\"7097\" class=\"elementor elementor-7097 e-loop-item e-loop-item-6691 post-6691 post type-post status-publish format-standard has-post-thumbnail hentry category-colombie-britannique\" data-elementor-post-type=\"elementor_library\" data-custom-edit-handle=\"1\">\n\t\t\t<div class=\"elementor-element elementor-element-5948a7d e-flex e-con-boxed e-con e-parent\" data-id=\"5948a7d\" data-element_type=\"container\" data-e-type=\"container\">\n\t\t\t\t\t<div class=\"e-con-inner\">\n\t\t\t\t<div class=\"elementor-element elementor-element-0a2f089 elementor-widget elementor-widget-theme-post-featured-image elementor-widget-image\" data-id=\"0a2f089\" data-element_type=\"widget\" data-e-type=\"widget\" data-widget_type=\"theme-post-featured-image.default\">\n\t\t\t\t<div class=\"elementor-widget-container\">\n\t\t\t\t\t\t\t\t\t\t\t\t\t\t\t\t<a href=\"https:\/\/nicolasdory.com\/fr\/loups-cotiers-les-ombres-du-littoral\/\">\n\t\t\t\t\t\t\t<img fetchpriority=\"high\" decoding=\"async\" width=\"1300\" height=\"867\" src=\"https:\/\/nicolasdory.com\/wp-content\/uploads\/2023\/04\/DORY_COASTAL_WOLVES_8842-scaled-1300x867.jpg\" class=\"attachment-medium size-medium wp-image-6301\" alt=\"dory_coastal_wolves_8842\" srcset=\"https:\/\/nicolasdory.com\/wp-content\/uploads\/2023\/04\/DORY_COASTAL_WOLVES_8842-scaled-1300x867.jpg 1300w, https:\/\/nicolasdory.com\/wp-content\/uploads\/2023\/04\/DORY_COASTAL_WOLVES_8842-scaled-600x400.jpg 600w, https:\/\/nicolasdory.com\/wp-content\/uploads\/2023\/04\/DORY_COASTAL_WOLVES_8842-scaled-768x512.jpg 768w, https:\/\/nicolasdory.com\/wp-content\/uploads\/2023\/04\/DORY_COASTAL_WOLVES_8842-scaled-1536x1024.jpg 1536w, https:\/\/nicolasdory.com\/wp-content\/uploads\/2023\/04\/DORY_COASTAL_WOLVES_8842-scaled-2048x1365.jpg 2048w\" sizes=\"(max-width: 1300px) 100vw, 1300px\" \/>\t\t\t\t\t\t\t\t<\/a>\n\t\t\t\t\t\t\t\t\t\t\t\t\t\t\t<\/div>\n\t\t\t\t<\/div>\n\t\t\t\t<div class=\"elementor-element elementor-element-48ba1b0 elementor-widget elementor-widget-theme-post-title elementor-page-title elementor-widget-heading\" data-id=\"48ba1b0\" data-element_type=\"widget\" data-e-type=\"widget\" data-widget_type=\"theme-post-title.default\">\n\t\t\t\t<div class=\"elementor-widget-container\">\n\t\t\t\t\t<h2 class=\"elementor-heading-title elementor-size-default\"><a href=\"https:\/\/nicolasdory.com\/fr\/loups-cotiers-les-ombres-du-littoral\/\">Loups c\u00f4tiers: les ombres du littoral<\/a><\/h2>\t\t\t\t<\/div>\n\t\t\t\t<\/div>\n\t\t\t\t<div class=\"elementor-element elementor-element-70d9e91 elementor-widget elementor-widget-theme-post-excerpt\" data-id=\"70d9e91\" data-element_type=\"widget\" data-e-type=\"widget\" data-widget_type=\"theme-post-excerpt.default\">\n\t\t\t\t<div class=\"elementor-widget-container\">\n\t\t\t\t\tCes loups c\u00f4tiers sont une sous-esp\u00e8ce unique du loup gris peuplant les for\u00eats pluviales temp\u00e9r\u00e9es le long de la c\u00f4te de la Colombie-Britannique au Canada.\t\t\t\t<\/div>\n\t\t\t\t<\/div>\n\t\t\t\t<div class=\"elementor-element elementor-element-28da971 elementor-align-center elementor-widget elementor-widget-button\" data-id=\"28da971\" data-element_type=\"widget\" data-e-type=\"widget\" data-widget_type=\"button.default\">\n\t\t\t\t<div class=\"elementor-widget-container\">\n\t\t\t\t\t\t\t\t\t<div class=\"elementor-button-wrapper\">\n\t\t\t\t\t<a class=\"elementor-button elementor-button-link elementor-size-sm\" href=\"https:\/\/nicolasdory.com\/fr\/loups-cotiers-les-ombres-du-littoral\/\">\n\t\t\t\t\t\t<span class=\"elementor-button-content-wrapper\">\n\t\t\t\t\t\t\t\t\t<span class=\"elementor-button-text\">Read more<\/span>\n\t\t\t\t\t<\/span>\n\t\t\t\t\t<\/a>\n\t\t\t\t<\/div>\n\t\t\t\t\t\t\t\t<\/div>\n\t\t\t\t<\/div>\n\t\t\t\t\t<\/div>\n\t\t\t\t<\/div>\n\t\t\t\t<\/div>\n\t\t\t\t<div data-elementor-type=\"loop-item\" data-elementor-id=\"7097\" class=\"elementor elementor-7097 e-loop-item e-loop-item-6695 post-6695 post type-post status-publish format-standard has-post-thumbnail hentry category-non-classifiee\" data-elementor-post-type=\"elementor_library\" data-custom-edit-handle=\"1\">\n\t\t\t<div class=\"elementor-element elementor-element-5948a7d e-flex e-con-boxed e-con e-parent\" data-id=\"5948a7d\" data-element_type=\"container\" data-e-type=\"container\">\n\t\t\t\t\t<div class=\"e-con-inner\">\n\t\t\t\t<div class=\"elementor-element elementor-element-0a2f089 elementor-widget elementor-widget-theme-post-featured-image elementor-widget-image\" data-id=\"0a2f089\" data-element_type=\"widget\" data-e-type=\"widget\" data-widget_type=\"theme-post-featured-image.default\">\n\t\t\t\t<div class=\"elementor-widget-container\">\n\t\t\t\t\t\t\t\t\t\t\t\t\t\t\t\t<a href=\"https:\/\/nicolasdory.com\/fr\/les-couleurs-dautomne-a-leur-apogee-a-tombstone-yukon\/\">\n\t\t\t\t\t\t\t<img decoding=\"async\" width=\"1300\" height=\"867\" src=\"https:\/\/nicolasdory.com\/wp-content\/uploads\/2023\/05\/DORY-TOMBSTONE-YUKON-FALL-2781-1300x867.jpg\" class=\"attachment-medium size-medium wp-image-6629\" alt=\"classic-view-from-the-tombstone-territorial-park-captured-from-the-grizzly-lake-trail\" srcset=\"https:\/\/nicolasdory.com\/wp-content\/uploads\/2023\/05\/DORY-TOMBSTONE-YUKON-FALL-2781-1300x867.jpg 1300w, https:\/\/nicolasdory.com\/wp-content\/uploads\/2023\/05\/DORY-TOMBSTONE-YUKON-FALL-2781-600x400.jpg 600w, https:\/\/nicolasdory.com\/wp-content\/uploads\/2023\/05\/DORY-TOMBSTONE-YUKON-FALL-2781-768x512.jpg 768w, https:\/\/nicolasdory.com\/wp-content\/uploads\/2023\/05\/DORY-TOMBSTONE-YUKON-FALL-2781-1536x1024.jpg 1536w, https:\/\/nicolasdory.com\/wp-content\/uploads\/2023\/05\/DORY-TOMBSTONE-YUKON-FALL-2781-2048x1365.jpg 2048w\" sizes=\"(max-width: 1300px) 100vw, 1300px\" \/>\t\t\t\t\t\t\t\t<\/a>\n\t\t\t\t\t\t\t\t\t\t\t\t\t\t\t<\/div>\n\t\t\t\t<\/div>\n\t\t\t\t<div class=\"elementor-element elementor-element-48ba1b0 elementor-widget elementor-widget-theme-post-title elementor-page-title elementor-widget-heading\" data-id=\"48ba1b0\" data-element_type=\"widget\" data-e-type=\"widget\" data-widget_type=\"theme-post-title.default\">\n\t\t\t\t<div class=\"elementor-widget-container\">\n\t\t\t\t\t<h2 class=\"elementor-heading-title elementor-size-default\"><a href=\"https:\/\/nicolasdory.com\/fr\/les-couleurs-dautomne-a-leur-apogee-a-tombstone-yukon\/\">Les couleurs d&rsquo;automne \u00e0 leur apog\u00e9e \u00e0 Tombstone (Yukon )<\/a><\/h2>\t\t\t\t<\/div>\n\t\t\t\t<\/div>\n\t\t\t\t<div class=\"elementor-element elementor-element-70d9e91 elementor-widget elementor-widget-theme-post-excerpt\" data-id=\"70d9e91\" data-element_type=\"widget\" data-e-type=\"widget\" data-widget_type=\"theme-post-excerpt.default\">\n\t\t\t\t<div class=\"elementor-widget-container\">\n\t\t\t\t\tChaque ann\u00e9e, \u00e0 la fin du mois d'ao\u00fbt et d\u00e9but septembre, les couleurs automnales fleurissent partout dans la toundra nordique du Yukon, r\u00e9v\u00e9lant leurs couleurs jaunes, oranges et rouges \u00e9clatantes. \t\t\t\t<\/div>\n\t\t\t\t<\/div>\n\t\t\t\t<div class=\"elementor-element elementor-element-28da971 elementor-align-center elementor-widget elementor-widget-button\" data-id=\"28da971\" data-element_type=\"widget\" data-e-type=\"widget\" data-widget_type=\"button.default\">\n\t\t\t\t<div class=\"elementor-widget-container\">\n\t\t\t\t\t\t\t\t\t<div class=\"elementor-button-wrapper\">\n\t\t\t\t\t<a class=\"elementor-button elementor-button-link elementor-size-sm\" href=\"https:\/\/nicolasdory.com\/fr\/les-couleurs-dautomne-a-leur-apogee-a-tombstone-yukon\/\">\n\t\t\t\t\t\t<span class=\"elementor-button-content-wrapper\">\n\t\t\t\t\t\t\t\t\t<span class=\"elementor-button-text\">Read more<\/span>\n\t\t\t\t\t<\/span>\n\t\t\t\t\t<\/a>\n\t\t\t\t<\/div>\n\t\t\t\t\t\t\t\t<\/div>\n\t\t\t\t<\/div>\n\t\t\t\t\t<\/div>\n\t\t\t\t<\/div>\n\t\t\t\t<\/div>\n\t\t\t\t<div data-elementor-type=\"loop-item\" data-elementor-id=\"7097\" class=\"elementor elementor-7097 e-loop-item e-loop-item-6702 post-6702 post type-post status-publish format-standard has-post-thumbnail hentry category-non-classifiee\" data-elementor-post-type=\"elementor_library\" data-custom-edit-handle=\"1\">\n\t\t\t<div class=\"elementor-element elementor-element-5948a7d e-flex e-con-boxed e-con e-parent\" data-id=\"5948a7d\" data-element_type=\"container\" data-e-type=\"container\">\n\t\t\t\t\t<div class=\"e-con-inner\">\n\t\t\t\t<div class=\"elementor-element elementor-element-0a2f089 elementor-widget elementor-widget-theme-post-featured-image elementor-widget-image\" data-id=\"0a2f089\" data-element_type=\"widget\" data-e-type=\"widget\" data-widget_type=\"theme-post-featured-image.default\">\n\t\t\t\t<div class=\"elementor-widget-container\">\n\t\t\t\t\t\t\t\t\t\t\t\t\t\t\t\t<a href=\"https:\/\/nicolasdory.com\/fr\/velo-tout-terrain-jusquaux-lacs-hodnett-yukon\/\">\n\t\t\t\t\t\t\t<img decoding=\"async\" width=\"1300\" height=\"512\" src=\"https:\/\/nicolasdory.com\/wp-content\/uploads\/2023\/05\/DORY-HODNETT-LAKES-4-1300x512.jpg\" class=\"attachment-medium size-medium wp-image-6616\" alt=\"mount-hodnett-hodnett-lakes-yukon-territory-canada\" srcset=\"https:\/\/nicolasdory.com\/wp-content\/uploads\/2023\/05\/DORY-HODNETT-LAKES-4-1300x512.jpg 1300w, https:\/\/nicolasdory.com\/wp-content\/uploads\/2023\/05\/DORY-HODNETT-LAKES-4-600x236.jpg 600w, https:\/\/nicolasdory.com\/wp-content\/uploads\/2023\/05\/DORY-HODNETT-LAKES-4-768x302.jpg 768w, https:\/\/nicolasdory.com\/wp-content\/uploads\/2023\/05\/DORY-HODNETT-LAKES-4-1536x604.jpg 1536w, https:\/\/nicolasdory.com\/wp-content\/uploads\/2023\/05\/DORY-HODNETT-LAKES-4-2048x806.jpg 2048w\" sizes=\"(max-width: 1300px) 100vw, 1300px\" \/>\t\t\t\t\t\t\t\t<\/a>\n\t\t\t\t\t\t\t\t\t\t\t\t\t\t\t<\/div>\n\t\t\t\t<\/div>\n\t\t\t\t<div class=\"elementor-element elementor-element-48ba1b0 elementor-widget elementor-widget-theme-post-title elementor-page-title elementor-widget-heading\" data-id=\"48ba1b0\" data-element_type=\"widget\" data-e-type=\"widget\" data-widget_type=\"theme-post-title.default\">\n\t\t\t\t<div class=\"elementor-widget-container\">\n\t\t\t\t\t<h2 class=\"elementor-heading-title elementor-size-default\"><a href=\"https:\/\/nicolasdory.com\/fr\/velo-tout-terrain-jusquaux-lacs-hodnett-yukon\/\">V\u00e9lo tout-terrain jusqu&rsquo;aux Lacs Hodnett, Yukon<\/a><\/h2>\t\t\t\t<\/div>\n\t\t\t\t<\/div>\n\t\t\t\t<div class=\"elementor-element elementor-element-70d9e91 elementor-widget elementor-widget-theme-post-excerpt\" data-id=\"70d9e91\" data-element_type=\"widget\" data-e-type=\"widget\" data-widget_type=\"theme-post-excerpt.default\">\n\t\t\t\t<div class=\"elementor-widget-container\">\n\t\t\t\t\tLes lacs Hodnett au Yukon sont compos\u00e9s de quatre lacs interconnect\u00e9s et nich\u00e9s dans une vall\u00e9e de montagne, offrant une vue imprenable et d'excellentes possibilit\u00e9s de randonn\u00e9e et de v\u00e9lo tout-terrain.\t\t\t\t<\/div>\n\t\t\t\t<\/div>\n\t\t\t\t<div class=\"elementor-element elementor-element-28da971 elementor-align-center elementor-widget elementor-widget-button\" data-id=\"28da971\" data-element_type=\"widget\" data-e-type=\"widget\" data-widget_type=\"button.default\">\n\t\t\t\t<div class=\"elementor-widget-container\">\n\t\t\t\t\t\t\t\t\t<div class=\"elementor-button-wrapper\">\n\t\t\t\t\t<a class=\"elementor-button elementor-button-link elementor-size-sm\" href=\"https:\/\/nicolasdory.com\/fr\/velo-tout-terrain-jusquaux-lacs-hodnett-yukon\/\">\n\t\t\t\t\t\t<span class=\"elementor-button-content-wrapper\">\n\t\t\t\t\t\t\t\t\t<span class=\"elementor-button-text\">Read more<\/span>\n\t\t\t\t\t<\/span>\n\t\t\t\t\t<\/a>\n\t\t\t\t<\/div>\n\t\t\t\t\t\t\t\t<\/div>\n\t\t\t\t<\/div>\n\t\t\t\t\t<\/div>\n\t\t\t\t<\/div>\n\t\t\t\t<\/div>\n\t\t\t\t<\/div>\n\t\t\n\t\t\t\t\t\t<\/div>\n\t\t\t\t<\/div>\n\t\t\t\t\t<\/div>\n\t\t<\/div>\n\t\t\t\t\t<\/div>\n\t\t<\/section>\n\t\t\t\t<\/div>\n\t\t","protected":false},"excerpt":{"rendered":"","protected":false},"author":2,"featured_media":0,"parent":0,"menu_order":40,"comment_status":"closed","ping_status":"closed","template":"","meta":{"_acf_changed":false,"footnotes":""},"class_list":["post-6659","page","type-page","status-publish","hentry"],"acf":[],"_links":{"self":[{"href":"https:\/\/nicolasdory.com\/fr\/wp-json\/wp\/v2\/pages\/6659","targetHints":{"allow":["GET"]}}],"collection":[{"href":"https:\/\/nicolasdory.com\/fr\/wp-json\/wp\/v2\/pages"}],"about":[{"href":"https:\/\/nicolasdory.com\/fr\/wp-json\/wp\/v2\/types\/page"}],"author":[{"embeddable":true,"href":"https:\/\/nicolasdory.com\/fr\/wp-json\/wp\/v2\/users\/2"}],"replies":[{"embeddable":true,"href":"https:\/\/nicolasdory.com\/fr\/wp-json\/wp\/v2\/comments?post=6659"}],"version-history":[{"count":2,"href":"https:\/\/nicolasdory.com\/fr\/wp-json\/wp\/v2\/pages\/6659\/revisions"}],"predecessor-version":[{"id":7180,"href":"https:\/\/nicolasdory.com\/fr\/wp-json\/wp\/v2\/pages\/6659\/revisions\/7180"}],"wp:attachment":[{"href":"https:\/\/nicolasdory.com\/fr\/wp-json\/wp\/v2\/media?parent=6659"}],"curies":[{"name":"wp","href":"https:\/\/api.w.org\/{rel}","templated":true}]}}