{"id":6648,"date":"2021-06-24T11:05:10","date_gmt":"2021-06-24T18:05:10","guid":{"rendered":"https:\/\/nicolasdory.com\/accueil\/"},"modified":"2025-04-08T21:51:47","modified_gmt":"2025-04-09T04:51:47","slug":"one-page-white-elementor","status":"publish","type":"page","link":"https:\/\/nicolasdory.com\/fr\/","title":{"rendered":"Accueil"},"content":{"rendered":"\t\t<div data-elementor-type=\"wp-page\" data-elementor-id=\"6648\" class=\"elementor elementor-6648 elementor-3244\" data-elementor-post-type=\"page\">\n\t\t\t\t\t\t<section class=\"elementor-section elementor-top-section elementor-element elementor-element-d0013b4 elementor-section-full_width elementor-section-stretched elementor-section-height-default elementor-section-height-default\" data-id=\"d0013b4\" data-element_type=\"section\" data-e-type=\"section\" data-settings=\"{&quot;stretch_section&quot;:&quot;section-stretched&quot;}\">\n\t\t\t\t\t\t<div class=\"elementor-container elementor-column-gap-no\">\n\t\t\t\t\t<div class=\"elementor-column elementor-col-100 elementor-top-column elementor-element elementor-element-1e48338\" data-id=\"1e48338\" data-element_type=\"column\" data-e-type=\"column\">\n\t\t\t<div class=\"elementor-widget-wrap elementor-element-populated\">\n\t\t\t\t\t\t<div class=\"elementor-element elementor-element-f159707 elementor-widget elementor-widget-slider_revolution\" data-id=\"f159707\" data-element_type=\"widget\" data-e-type=\"widget\" data-widget_type=\"slider_revolution.default\">\n\t\t\t\t<div class=\"elementor-widget-container\">\n\t\t\t\t\t\n\t\t<div class=\"wp-block-themepunch-revslider\">\n\t\t\t\t<p class=\"rs-p-wp-fix\"><\/p>\n\t\t\t\t<sr7-module data-alias=\"home-slider-final\" data-id=\"14\" id=\"SR7_14_1\" class=\"rs-respect-topbar rs-ov-hidden\" data-version=\"6.7.51\">\n\t\t\t\t\t<sr7-adjuster><\/sr7-adjuster>\n\t\t\t\t\t<sr7-content>\n\t\t\t\t\t\t<sr7-slide id=\"SR7_14_1-7\" data-key=\"7\">\n\t\t\t\t\t\t<\/sr7-slide>\n\t\t\t\t\t\t<sr7-slide id=\"SR7_14_1-5\" data-key=\"5\">\n\t\t\t\t\t\t<\/sr7-slide>\n\t\t\t\t\t\t<sr7-slide id=\"SR7_14_1-6\" data-key=\"6\">\n\t\t\t\t\t\t<\/sr7-slide>\n\t\t\t\t\t\t<sr7-slide id=\"SR7_14_1-15\" data-key=\"15\">\n\t\t\t\t\t\t\t<sr7-txt id=\"SR7_14_1-15-3\" class=\"sr7-layer\">WILDLIFE \u2022 NATURE \u2022 CONSERVATION<\/sr7-txt>\n\t\t\t\t\t\t\t<sr7-txt id=\"SR7_14_1-15-12\" class=\"sr7-layer\" srscsrc>Nicolas Dory est un photographe animalier d&#039;origine fran\u00e7aise bas\u00e9 \u00e0 Whitehorse au Canada. Il a trouv\u00e9 sa v\u00e9ritable vocation dans la nature sauvage du Yukon.<\/sr7-txt>\n\t\t\t\t\t\t\t<sr7-txt id=\"SR7_14_1-15-13\" class=\"sr7-layer\">Yukon & Beyond<\/sr7-txt>\n\t\t\t\t\t\t<\/sr7-slide>\n\t\t\t\t\t<\/sr7-content>\n\t\t\t\t\t<image_lists style=\"display:none\">\n\t\t\t\t\t\t<img data-src=\"\/\/nicolasdory.com\/wp-content\/uploads\/2023\/04\/DORY-GRIZZLY-BEAR-FISHING.jpg\" data-libid=\"3929\" alt=\"Grizzly Bear\" title=\"Grizzly Bear\" width=\"0\" height=\"0\" data-dbsrc=\"Ly9uaWNvbGFzZG9yeS5jb20vd3AtY29udGVudC91cGxvYWRzLzIwMjMvMDQvRE9SWS1HUklaWkxZLUJFQVItRklTSElORy5qcGc=\"\/>\n\t\t\t\t\t\t<img data-src=\"\/\/nicolasdory.com\/wp-content\/uploads\/2023\/04\/DORY-BLACK-WOLF-YUKON-02.jpg\" data-libid=\"3906\" alt=\"Yukon Black Wolf\" title=\"Yukon Black Wolf\" width=\"0\" height=\"0\" data-dbsrc=\"Ly9uaWNvbGFzZG9yeS5jb20vd3AtY29udGVudC91cGxvYWRzLzIwMjMvMDQvRE9SWS1CTEFDSy1XT0xGLVlVS09OLTAyLmpwZw==\"\/>\n\t\t\t\t\t\t<img data-src=\"\/\/nicolasdory.com\/wp-content\/uploads\/2023\/05\/DORY_TOMBSTONE_YUKON_3200.jpg\" data-libid=\"4330\" alt=\"Grizzly Lake and Mount Monolith (Tombstone Territorial Park, Yukon, Canada)\" title=\"Grizzly Lake and Mount Monolith\" width=\"0\" height=\"0\" data-dbsrc=\"Ly9uaWNvbGFzZG9yeS5jb20vd3AtY29udGVudC91cGxvYWRzLzIwMjMvMDUvRE9SWV9UT01CU1RPTkVfWVVLT05fMzIwMC5qcGc=\"\/>\n\t\t\t\t\t\t<img loading=\"lazy\" data-src=\"\/\/nicolasdory.com\/wp-content\/uploads\/2023\/04\/DORY-BALD-EAGLET.jpg\" data-libid=\"3900\" alt=\"Bald Eagles\" title=\"Bald Eagles\" width=\"0\" height=\"0\" data-dbsrc=\"Ly9uaWNvbGFzZG9yeS5jb20vd3AtY29udGVudC91cGxvYWRzLzIwMjMvMDQvRE9SWS1CQUxELUVBR0xFVC5qcGc=\"\/>\n\t\t\t\t\t\t<img loading=\"lazy\" data-src=\"\/\/nicolasdory.com\/wp-content\/uploads\/2023\/04\/DORY-NORTHERN-FLICKER.jpg\" data-libid=\"3940\" alt=\"Northern Flicker\" title=\"Northern Flicker\" width=\"0\" height=\"0\" data-dbsrc=\"Ly9uaWNvbGFzZG9yeS5jb20vd3AtY29udGVudC91cGxvYWRzLzIwMjMvMDQvRE9SWS1OT1JUSEVSTi1GTElDS0VSLmpwZw==\"\/>\n\t\t\t\t\t\t<img loading=\"lazy\" data-src=\"\/\/nicolasdory.com\/wp-content\/uploads\/2023\/04\/DORY-CANADIAN-LYNX-03.jpg\" data-libid=\"3912\" alt=\"Canadian Lynx\" title=\"Canadian Lynx\" width=\"0\" height=\"0\" data-dbsrc=\"Ly9uaWNvbGFzZG9yeS5jb20vd3AtY29udGVudC91cGxvYWRzLzIwMjMvMDQvRE9SWS1DQU5BRElBTi1MWU5YLTAzLmpwZw==\"\/>\n\t\t\t\t\t<\/image_lists>\n\t\t\t\t<\/sr7-module>\n\t\t\t\t<script>\n\t\t\t\t\twindow.SR7 ??={};SR7.PMH ??={}; SR7.PMH[\"SR7_14_1\"] = {cn:100,state:false,fn: function() { if (window._tpt!==undefined && window._tpt.prepareModuleHeight !== undefined) {  _tpt.prepareModuleHeight({id:\"SR7_14_1\",el:[900,900,768,960,720],type:'standard',shdw:'0',gh:[900,900,768,960,720],gw:[1240,1240,1024,778,480],vpt:['-200px&#039;,&#039;-200px&#039;,&#039;-200px&#039;,&#039;-200px&#039;,&#039;-200px'],size:{fullWidth:true, fullHeight:true},fho:'.elementor-location-header,',mh:'0',onh:0,onw:0,bg:{color:'{\"type\":\"solid\",\"orig\":\"#ffffff\",\"string\":\"rgba(255, 255, 255, 1)\"}'}});   SR7.PMH[\"SR7_14_1\"].state=true;} else if(SR7.PMH[\"SR7_14_1\"].cn-->0)\tsetTimeout( SR7.PMH[\"SR7_14_1\"].fn,19);}};SR7.PMH[\"SR7_14_1\" ].fn();\n\t\t\t\t<\/script>\n<\/div>\n\n\t\t\t\t\t\t<\/div>\n\t\t\t\t<\/div>\n\t\t\t\t\t<\/div>\n\t\t<\/div>\n\t\t\t\t\t<\/div>\n\t\t<\/section>\n\t\t\t\t<\/div>\n\t\t","protected":false},"excerpt":{"rendered":"","protected":false},"author":2,"featured_media":0,"parent":0,"menu_order":0,"comment_status":"closed","ping_status":"closed","template":"elementor_header_footer","meta":{"_acf_changed":false,"footnotes":""},"class_list":["post-6648","page","type-page","status-publish","hentry"],"acf":[],"_links":{"self":[{"href":"https:\/\/nicolasdory.com\/fr\/wp-json\/wp\/v2\/pages\/6648","targetHints":{"allow":["GET"]}}],"collection":[{"href":"https:\/\/nicolasdory.com\/fr\/wp-json\/wp\/v2\/pages"}],"about":[{"href":"https:\/\/nicolasdory.com\/fr\/wp-json\/wp\/v2\/types\/page"}],"author":[{"embeddable":true,"href":"https:\/\/nicolasdory.com\/fr\/wp-json\/wp\/v2\/users\/2"}],"replies":[{"embeddable":true,"href":"https:\/\/nicolasdory.com\/fr\/wp-json\/wp\/v2\/comments?post=6648"}],"version-history":[{"count":1,"href":"https:\/\/nicolasdory.com\/fr\/wp-json\/wp\/v2\/pages\/6648\/revisions"}],"predecessor-version":[{"id":7176,"href":"https:\/\/nicolasdory.com\/fr\/wp-json\/wp\/v2\/pages\/6648\/revisions\/7176"}],"wp:attachment":[{"href":"https:\/\/nicolasdory.com\/fr\/wp-json\/wp\/v2\/media?parent=6648"}],"curies":[{"name":"wp","href":"https:\/\/api.w.org\/{rel}","templated":true}]}}